{"id":50,"date":"2025-09-11T17:12:29","date_gmt":"2025-09-11T15:12:29","guid":{"rendered":"https:\/\/lumbago.dkonto.pl\/?page_id=50"},"modified":"2025-09-26T17:25:44","modified_gmt":"2025-09-26T15:25:44","slug":"baza-placowek","status":"publish","type":"page","link":"https:\/\/lumbago.dkonto.pl\/index.php\/baza-placowek\/","title":{"rendered":"Baza plac\u00f3wek"},"content":{"rendered":"\n<div class=\"wp-block-group has-global-padding is-layout-constrained wp-container-core-group-is-layout-650790e1 wp-block-group-is-layout-constrained\">\n<h1 class=\"wp-block-heading alignfull has-text-align-center has-text-color has-link-color has-x-large-font-size wp-elements-e22d519cabcb2ee462316d0510ebc0a4\" style=\"color:#598d96\"><strong>Baza plac\u00f3wek rehabilitacyjnych i medycznych<\/strong><\/h1>\n\n\n\n<div style=\"height:1.25rem\" aria-hidden=\"true\" class=\"wp-block-spacer\"><\/div>\n\n\n\n<div class=\"wp-block-group has-global-padding is-layout-constrained wp-block-group-is-layout-constrained\">\n<p class=\"has-text-align-center has-contrast-2-color has-text-color has-link-color wp-elements-f897e8de24b28af67226a74dfea9ac44\">Tutaj znajdziesz sprawdzone plac\u00f3wki oferuj\u0105ce pomoc w zakresie leczenia i profilaktyki b\u00f3lu kr\u0119gos\u0142upa.<\/p>\n<\/div>\n\n\n\n<div style=\"height:1.25rem\" aria-hidden=\"true\" class=\"wp-block-spacer\"><\/div>\n<\/div>\n\n\n\n<div class=\"wp-block-group alignfull has-global-padding is-layout-constrained wp-container-core-group-is-layout-b673cb31 wp-block-group-is-layout-constrained\" style=\"margin-top:0;margin-bottom:0;padding-top:var(--wp--preset--spacing--30);padding-right:var(--wp--preset--spacing--50);padding-bottom:var(--wp--preset--spacing--30);padding-left:var(--wp--preset--spacing--50)\">\n<div class=\"wp-block-columns alignwide are-vertically-aligned-center is-layout-flex wp-container-core-columns-is-layout-47c06fe3 wp-block-columns-is-layout-flex\">\n<div class=\"wp-block-column is-vertically-aligned-center is-layout-flow wp-block-column-is-layout-flow\" style=\"flex-basis:50%\">\n<h2 class=\"wp-block-heading\">Klinika Nieborowice<\/h2>\n\n\n\n<ul style=\"line-height:1.75\" class=\"wp-block-list is-style-checkmark-list\">\n<li>Kompleksowa opieka zdrowotna, dopasowana do potrzeb pacjenta,<\/li>\n\n\n\n<li>Najwy\u017cszy standard opieki,<\/li>\n\n\n\n<li>Klinika \u0142\u0105czy najnowsze osi\u0105gni\u0119cia medycyny z&nbsp;zaawansowanymi technologiami.<\/li>\n<\/ul>\n\n\n\n<div class=\"wp-block-buttons is-layout-flex wp-block-buttons-is-layout-flex\">\n<div class=\"wp-block-button\"><a class=\"wp-block-button__link wp-element-button\" href=\"https:\/\/www.google.com\/maps\/dir\/Bia%C5%82ystok\/Klinika+Nieborowice,+Kasztanowa+5,+44-144+Nieborowice\/@51.5904325,18.2503922,7z\/data=!3m1!4b1!4m13!4m12!1m5!1m1!1s0x471ffc048f41971d:0x72317dcc8bf07b2c!2m2!1d23.1688403!2d53.1324886!1m5!1m1!1s0x4711370812300111:0x8040909a79274854!2m2!1d18.6112753!2d50.2215624?entry=ttu&amp;g_ep=EgoyMDI1MDkyMy4wIKXMDSoASAFQAw%3D%3D\" target=\"_blank\" rel=\"noreferrer noopener\">Mapy<\/a><\/div>\n\n\n\n<div class=\"wp-block-button is-style-outline is-style-outline--1\"><a class=\"wp-block-button__link wp-element-button\" href=\"https:\/\/klinika-nieborowice.pl\/\" target=\"_blank\" rel=\"noreferrer noopener\">Klinika Nieborowice<\/a><\/div>\n<\/div>\n<\/div>\n\n\n\n<div class=\"wp-block-column is-vertically-aligned-center is-layout-flow wp-block-column-is-layout-flow\" style=\"flex-basis:50%\">\n<figure class=\"wp-block-embed is-type-video is-provider-youtube wp-block-embed-youtube wp-embed-aspect-16-9 wp-has-aspect-ratio\"><div class=\"wp-block-embed__wrapper\">\n<iframe title=\"B\u00f3l kr\u0119gos\u0142upa - blokada\" width=\"500\" height=\"281\" src=\"https:\/\/www.youtube.com\/embed\/ezi-l1Fpz3I?feature=oembed\" frameborder=\"0\" allow=\"accelerometer; autoplay; clipboard-write; encrypted-media; gyroscope; picture-in-picture; web-share\" referrerpolicy=\"strict-origin-when-cross-origin\" allowfullscreen><\/iframe>\n<\/div><\/figure>\n<\/div>\n<\/div>\n\n\n\n<hr class=\"wp-block-separator alignwide has-text-color has-alpha-channel-opacity has-background\" style=\"background-color:#5ea9a9;color:#5ea9a9\"\/>\n<\/div>\n\n\n\n<div class=\"wp-block-group alignfull has-global-padding is-layout-constrained wp-container-core-group-is-layout-b673cb31 wp-block-group-is-layout-constrained\" style=\"margin-top:0;margin-bottom:0;padding-top:var(--wp--preset--spacing--30);padding-right:var(--wp--preset--spacing--50);padding-bottom:var(--wp--preset--spacing--30);padding-left:var(--wp--preset--spacing--50)\">\n<div class=\"wp-block-columns alignwide are-vertically-aligned-center is-layout-flex wp-container-core-columns-is-layout-47c06fe3 wp-block-columns-is-layout-flex\">\n<div class=\"wp-block-column is-vertically-aligned-center is-layout-flow wp-block-column-is-layout-flow\" style=\"flex-basis:50%\">\n<h2 class=\"wp-block-heading has-large-font-size\"><strong>Centrum Zdrowego Kr\u0119gos\u0142upa<\/strong><\/h2>\n\n\n\n<p><em>Szpital Specjalistyczny Matopat<\/em><\/p>\n\n\n\n<ul style=\"line-height:1.75\" class=\"wp-block-list is-style-checkmark-list\">\n<li>Z my\u015bl\u0105 o osobach, kt\u00f3re poszukuj\u0105 kompleksowej, skutecznej i bezpiecznej opieki w jednym miejscu,<\/li>\n\n\n\n<li>Miejsce, w kt\u00f3rym ka\u017cdy Pacjent znajdzie wsparcie na ka\u017cdym etapie leczenia,<\/li>\n\n\n\n<li>Istnieje zasada, \u017ce zabiegi chirurgiczne s\u0105 stosowane tylko wtedy, gdy inne metody leczenia nie przynosz\u0105 oczekiwanych rezultat\u00f3w.<\/li>\n<\/ul>\n\n\n\n<div class=\"wp-block-buttons is-layout-flex wp-block-buttons-is-layout-flex\">\n<div class=\"wp-block-button\"><a class=\"wp-block-button__link wp-element-button\" href=\"https:\/\/www.google.com\/maps\/dir\/Bia%C5%82ystok\/Centrum+Zdrowego+Kr%C4%99gos%C5%82upa+-+Szpital+Specjalistyczny+Matopat,+Storczykowa+8%2F10,+87-100+Toru%C5%84\/@52.5211944,19.5554823,8z\/data=!3m1!4b1!4m13!4m12!1m5!1m1!1s0x471ffc048f41971d:0x72317dcc8bf07b2c!2m2!1d23.1688403!2d53.1324886!1m5!1m1!1s0x470335e1a6035acb:0xf45b5bdd24b5de4d!2m2!1d18.5846829!2d53.041203?entry=ttu&amp;g_ep=EgoyMDI1MDkyMy4wIKXMDSoASAFQAw%3D%3D\" target=\"_blank\" rel=\"noreferrer noopener\">Mapy<\/a><\/div>\n\n\n\n<div class=\"wp-block-button is-style-outline is-style-outline--2\"><a class=\"wp-block-button__link wp-element-button\" href=\"https:\/\/szpitalmatopat.pl\/centrum-zdrowego-kregoslupa\" target=\"_blank\" rel=\"noreferrer noopener\">Centrum Zdrowego Kr\u0119gos\u0142upa<\/a><\/div>\n<\/div>\n<\/div>\n\n\n\n<div class=\"wp-block-column is-vertically-aligned-center is-layout-flow wp-block-column-is-layout-flow\" style=\"flex-basis:50%\">\n<figure class=\"wp-block-embed is-type-video is-provider-youtube wp-block-embed-youtube wp-embed-aspect-16-9 wp-has-aspect-ratio\"><div class=\"wp-block-embed__wrapper\">\n<iframe title=\"Centrum Zdrowego Kr\u0119gos\u0142upa Szpitala Matopat \u2013 dlaczego warto je wybra\u0107, gdy boli Ci\u0119 kr\u0119gos\u0142up?\" width=\"500\" height=\"281\" src=\"https:\/\/www.youtube.com\/embed\/MVcsZw8OtD0?feature=oembed\" frameborder=\"0\" allow=\"accelerometer; autoplay; clipboard-write; encrypted-media; gyroscope; picture-in-picture; web-share\" referrerpolicy=\"strict-origin-when-cross-origin\" allowfullscreen><\/iframe>\n<\/div><\/figure>\n<\/div>\n<\/div>\n\n\n\n<hr class=\"wp-block-separator alignwide has-text-color has-alpha-channel-opacity has-background\" style=\"background-color:#5ea9a9;color:#5ea9a9\"\/>\n<\/div>\n\n\n\n<div class=\"wp-block-group alignfull has-global-padding is-layout-constrained wp-container-core-group-is-layout-b673cb31 wp-block-group-is-layout-constrained\" style=\"margin-top:0;margin-bottom:0;padding-top:var(--wp--preset--spacing--30);padding-right:var(--wp--preset--spacing--50);padding-bottom:var(--wp--preset--spacing--30);padding-left:var(--wp--preset--spacing--50)\">\n<div class=\"wp-block-columns alignwide are-vertically-aligned-center is-layout-flex wp-container-core-columns-is-layout-47c06fe3 wp-block-columns-is-layout-flex\">\n<div class=\"wp-block-column is-vertically-aligned-center is-layout-flow wp-block-column-is-layout-flow\" style=\"flex-basis:50%\">\n<h2 class=\"wp-block-heading\">Sport Klinika<\/h2>\n\n\n\n<p><em>Scanmed Sport<\/em><\/p>\n\n\n\n<ul style=\"line-height:1.75\" class=\"wp-block-list is-style-checkmark-list\">\n<li>Kompleksowa opieka zdrowotna \u2013&nbsp;od diagnozy do rehabilitacji,<\/li>\n\n\n\n<li>Klinika ortopedyczna ukierunkowana na kompleksowe leczenie schorze\u0144 i uraz\u00f3w narz\u0105du ruchu,<\/li>\n\n\n\n<li>Najnowocze\u015bniejsze rozwi\u0105zania&nbsp;w zakresie technik operacyjnych, sprz\u0119tu medycznego oraz farmakologii.<\/li>\n<\/ul>\n\n\n\n<div class=\"wp-block-buttons is-layout-flex wp-block-buttons-is-layout-flex\">\n<div class=\"wp-block-button\"><a class=\"wp-block-button__link wp-element-button\" href=\"https:\/\/www.google.com\/maps\/dir\/Bia%C5%82ystok\/Sport-+Klinika,+Bankowa+2,+44-240+%C5%BBory\/@51.6100293,17.5330012,6.65z\/data=!4m13!4m12!1m5!1m1!1s0x471ffc048f41971d:0x72317dcc8bf07b2c!2m2!1d23.1688403!2d53.1324886!1m5\" target=\"_blank\" rel=\"noreferrer noopener\">Mapy<\/a><\/div>\n\n\n\n<div class=\"wp-block-button is-style-outline is-style-outline--3\"><a class=\"wp-block-button__link wp-element-button\" href=\"https:\/\/sport-klinika.pl\/\" target=\"_blank\" rel=\"noreferrer noopener\">Sport Klinika<\/a><\/div>\n<\/div>\n<\/div>\n\n\n\n<div class=\"wp-block-column is-vertically-aligned-center is-layout-flow wp-block-column-is-layout-flow\" style=\"flex-basis:50%\">\n<figure class=\"wp-block-embed is-type-video is-provider-youtube wp-block-embed-youtube wp-embed-aspect-16-9 wp-has-aspect-ratio\"><div class=\"wp-block-embed__wrapper\">\n<iframe title=\"Sport Klinika \u017bory leczenie schorze\u0144 kr\u0119gos\u0142upa - zabieg stabilizacji kr\u0119gos\u0142upa l\u0119d\u017awiowego.\" width=\"500\" height=\"281\" src=\"https:\/\/www.youtube.com\/embed\/cst6tKECPOM?feature=oembed\" frameborder=\"0\" allow=\"accelerometer; autoplay; clipboard-write; encrypted-media; gyroscope; picture-in-picture; web-share\" referrerpolicy=\"strict-origin-when-cross-origin\" allowfullscreen><\/iframe>\n<\/div><\/figure>\n<\/div>\n<\/div>\n\n\n\n<hr class=\"wp-block-separator alignwide has-text-color has-alpha-channel-opacity has-background\" style=\"background-color:#5ea9a9;color:#5ea9a9\"\/>\n<\/div>\n\n\n\n<div class=\"wp-block-group alignfull has-base-color has-text-color has-background has-global-padding is-layout-constrained wp-container-core-group-is-layout-5ef3a871 wp-block-group-is-layout-constrained\" style=\"background-color:#598d9647;margin-top:0;margin-bottom:0;padding-top:var(--wp--preset--spacing--20);padding-right:var(--wp--preset--spacing--60);padding-bottom:var(--wp--preset--spacing--20);padding-left:var(--wp--preset--spacing--60)\">\n<div class=\"wp-block-group has-global-padding is-layout-constrained wp-block-group-is-layout-constrained\">\n<p class=\"has-text-align-center has-base-color has-text-color has-heading-font-family has-x-large-font-size\" style=\"line-height:1.2\">Wi\u0119cej plac\u00f3wek medycznych udost\u0119pniona jest dla u\u017cytkownik\u00f3w <\/p>\n\n\n\n<p class=\"has-text-align-center has-base-color has-text-color has-heading-font-family has-x-large-font-size\" style=\"line-height:1.2\"><em>PREMIUM.<\/em><\/p>\n<\/div>\n<\/div>\n\n\n\n<div class=\"wp-block-group alignfull has-global-padding is-layout-constrained wp-container-core-group-is-layout-32a46761 wp-block-group-is-layout-constrained\" style=\"margin-top:0;margin-bottom:0;padding-top:var(--wp--preset--spacing--40);padding-right:var(--wp--preset--spacing--50);padding-bottom:var(--wp--preset--spacing--40);padding-left:var(--wp--preset--spacing--50)\">\n<div class=\"wp-block-group alignwide has-base-2-background-color has-background has-global-padding is-layout-constrained wp-container-core-group-is-layout-efb6bcc5 wp-block-group-is-layout-constrained\" style=\"border-radius:16px;padding-top:var(--wp--preset--spacing--20);padding-right:var(--wp--preset--spacing--50);padding-bottom:var(--wp--preset--spacing--20);padding-left:var(--wp--preset--spacing--50)\">\n<div style=\"height:var(--wp--preset--spacing--10)\" aria-hidden=\"true\" class=\"wp-block-spacer\"><\/div>\n\n\n\n<h2 class=\"wp-block-heading has-text-align-center has-x-large-font-size\">Do\u0142\u0105cz do nas!<\/h2>\n\n\n\n<p class=\"has-text-align-center\"> 900+ subskrypcji<\/p>\n\n\n\n<p class=\"has-text-align-center\">B\u0105d\u017a cz\u0119\u015bci\u0105 naszego zespo\u0142u zdrowych plec\u00f3w!<\/p>\n\n\n\n<div class=\"wp-block-buttons is-content-justification-center is-layout-flex wp-container-core-buttons-is-layout-a89b3969 wp-block-buttons-is-layout-flex\">\n<div class=\"wp-block-button\"><a class=\"wp-block-button__link wp-element-button\">Zarejestruj si\u0119<\/a><\/div>\n<\/div>\n\n\n\n<div style=\"height:var(--wp--preset--spacing--10)\" aria-hidden=\"true\" class=\"wp-block-spacer\"><\/div>\n<\/div>\n<\/div>\n\n\n\n<p><\/p>\n","protected":false},"excerpt":{"rendered":"<p>Baza plac\u00f3wek rehabilitacyjnych i medycznych Tutaj znajdziesz sprawdzone plac\u00f3wki oferuj\u0105ce pomoc w zakresie leczenia i profilaktyki b\u00f3lu kr\u0119gos\u0142upa. Klinika Nieborowice Centrum Zdrowego Kr\u0119gos\u0142upa Szpital Specjalistyczny Matopat Sport Klinika Scanmed Sport Wi\u0119cej plac\u00f3wek medycznych udost\u0119pniona jest dla u\u017cytkownik\u00f3w PREMIUM. Do\u0142\u0105cz do nas! 900+ subskrypcji B\u0105d\u017a cz\u0119\u015bci\u0105 naszego zespo\u0142u zdrowych plec\u00f3w!<\/p>\n","protected":false},"author":1,"featured_media":0,"parent":0,"menu_order":0,"comment_status":"closed","ping_status":"closed","template":"","meta":{"footnotes":""},"class_list":["post-50","page","type-page","status-publish","hentry"],"_links":{"self":[{"href":"https:\/\/lumbago.dkonto.pl\/index.php\/wp-json\/wp\/v2\/pages\/50","targetHints":{"allow":["GET"]}}],"collection":[{"href":"https:\/\/lumbago.dkonto.pl\/index.php\/wp-json\/wp\/v2\/pages"}],"about":[{"href":"https:\/\/lumbago.dkonto.pl\/index.php\/wp-json\/wp\/v2\/types\/page"}],"author":[{"embeddable":true,"href":"https:\/\/lumbago.dkonto.pl\/index.php\/wp-json\/wp\/v2\/users\/1"}],"replies":[{"embeddable":true,"href":"https:\/\/lumbago.dkonto.pl\/index.php\/wp-json\/wp\/v2\/comments?post=50"}],"version-history":[{"count":10,"href":"https:\/\/lumbago.dkonto.pl\/index.php\/wp-json\/wp\/v2\/pages\/50\/revisions"}],"predecessor-version":[{"id":527,"href":"https:\/\/lumbago.dkonto.pl\/index.php\/wp-json\/wp\/v2\/pages\/50\/revisions\/527"}],"wp:attachment":[{"href":"https:\/\/lumbago.dkonto.pl\/index.php\/wp-json\/wp\/v2\/media?parent=50"}],"curies":[{"name":"wp","href":"https:\/\/api.w.org\/{rel}","templated":true}]}}