{"id":61,"date":"2025-09-11T17:41:29","date_gmt":"2025-09-11T15:41:29","guid":{"rendered":"https:\/\/lumbago.dkonto.pl\/?page_id=61"},"modified":"2025-09-25T09:41:51","modified_gmt":"2025-09-25T07:41:51","slug":"poradnik-zdrowych-plecow","status":"publish","type":"page","link":"https:\/\/lumbago.dkonto.pl\/index.php\/poradnik-zdrowych-plecow\/","title":{"rendered":"Poradnik zdrowych plec\u00f3w"},"content":{"rendered":"\n<h1 class=\"wp-block-heading alignfull has-text-align-center is-style-default has-text-color has-link-color has-xx-large-font-size wp-elements-c8462740497255ddfbcfff254cbd817b\" style=\"border-radius:35px;color:#598d96\"><strong>Tw\u00f3j poradnik zdrowych plec\u00f3w<\/strong><\/h1>\n\n\n\n<h5 class=\"wp-block-heading alignwide has-text-align-center has-contrast-2-color has-text-color has-link-color has-large-font-size wp-elements-92dd49a9517e4480d71babce4ffb9a3e\">Zestaw sprawdzonych wskaz\u00f3wek i \u0107wicze\u0144, kt\u00f3re pomog\u0105 Ci zadba\u0107 o kr\u0119gos\u0142up ka\u017cdego dnia.&nbsp;<\/h5>\n\n\n\n<hr class=\"wp-block-separator has-alpha-channel-opacity\"\/>\n\n\n\n<div class=\"wp-block-group alignfull has-global-padding is-layout-constrained wp-container-core-group-is-layout-d89aad35 wp-block-group-is-layout-constrained\" style=\"margin-top:0;margin-bottom:0;padding-top:var(--wp--preset--spacing--50);padding-right:var(--wp--preset--spacing--50);padding-bottom:var(--wp--preset--spacing--50);padding-left:var(--wp--preset--spacing--50)\">\n<div class=\"wp-block-group alignwide has-global-padding is-layout-constrained wp-container-core-group-is-layout-19e250f3 wp-block-group-is-layout-constrained\">\n<div class=\"wp-block-columns alignwide are-vertically-aligned-top is-layout-flex wp-container-core-columns-is-layout-d1c656ed wp-block-columns-is-layout-flex\">\n<div class=\"wp-block-column is-vertically-aligned-top is-layout-flow wp-block-column-is-layout-flow\" style=\"font-size:clamp(0.875rem, 0.875rem + ((1vw - 0.2rem) * 0.375), 1.1rem);flex-basis:60%\">\n<h3 class=\"wp-block-heading has-text-align-center is-style-default has-text-color has-link-color has-large-font-size wp-elements-b381de8c16785ba66c3255fca87268a1\" style=\"color:#598d96\"><strong>Ergonomia pracy biurowej<\/strong><\/h3>\n\n\n\n<p class=\"has-text-align-center is-style-default has-contrast-color has-text-color has-link-color wp-elements-a4d6a14e468baee5b2aecff1e8e8877f\">Ergonomia pracy biurowej ma kluczowe znaczenie zar\u00f3wno dla zdrowia pracownika, jak i jego efektywno\u015bci. Niew\u0142a\u015bciwa organizacja stanowiska prowadzi do przeci\u0105\u017ce\u0144 mi\u0119\u015bni plec\u00f3w i kr\u0119gos\u0142upa, a nawet dolegliwo\u015bci b\u00f3lowych zg\u0142aszanych przez oko\u0142o 40% os\u00f3b pracuj\u0105cych przy biurku<\/p>\n<\/div>\n\n\n\n<div class=\"wp-block-column is-vertically-aligned-top is-layout-flow wp-block-column-is-layout-flow\" style=\"flex-basis:80%\"><figure style=\"padding-top:var(--wp--preset--spacing--10);padding-bottom:var(--wp--preset--spacing--10);\" class=\"aligncenter wp-block-post-featured-image\"><img fetchpriority=\"high\" decoding=\"async\" width=\"796\" height=\"481\" src=\"https:\/\/lumbago.dkonto.pl\/wp-content\/uploads\/2025\/09\/Zrzut-ekranu-2025-09-20-132747.png\" class=\"attachment-post-thumbnail size-post-thumbnail wp-post-image\" alt=\"\" style=\"object-fit:cover;\" srcset=\"https:\/\/lumbago.dkonto.pl\/wp-content\/uploads\/2025\/09\/Zrzut-ekranu-2025-09-20-132747.png 796w, https:\/\/lumbago.dkonto.pl\/wp-content\/uploads\/2025\/09\/Zrzut-ekranu-2025-09-20-132747-300x181.png 300w, https:\/\/lumbago.dkonto.pl\/wp-content\/uploads\/2025\/09\/Zrzut-ekranu-2025-09-20-132747-768x464.png 768w\" sizes=\"(max-width: 796px) 100vw, 796px\" \/><\/figure><\/div>\n<\/div>\n\n\n\n<div class=\"wp-block-columns alignwide is-layout-flex wp-container-core-columns-is-layout-d1c656ed wp-block-columns-is-layout-flex\">\n<div class=\"wp-block-column is-layout-flow wp-block-column-is-layout-flow\" style=\"padding-top:0;padding-bottom:0;flex-basis:80%\">\n<figure class=\"wp-block-image size-full is-style-rounded is-style-rounded--1\"><img decoding=\"async\" width=\"836\" height=\"804\" src=\"https:\/\/lumbago.dkonto.pl\/wp-content\/uploads\/2025\/09\/image-3.png\" alt=\"\" class=\"wp-image-239\" srcset=\"https:\/\/lumbago.dkonto.pl\/wp-content\/uploads\/2025\/09\/image-3.png 836w, https:\/\/lumbago.dkonto.pl\/wp-content\/uploads\/2025\/09\/image-3-300x289.png 300w, https:\/\/lumbago.dkonto.pl\/wp-content\/uploads\/2025\/09\/image-3-768x739.png 768w\" sizes=\"(max-width: 836px) 100vw, 836px\" \/><\/figure>\n<\/div>\n\n\n\n<div class=\"wp-block-column is-vertically-aligned-center is-layout-flow wp-block-column-is-layout-flow\" style=\"font-size:clamp(0.875rem, 0.875rem + ((1vw - 0.2rem) * 0.375), 1.1rem);flex-basis:70%\">\n<p class=\"has-text-align-center\">Prawid\u0142owa ergonomia pracy przy komputerze polega na zachowaniu odpowiednich k\u0105t\u00f3w i odleg\u0142o\u015bci. Plecy powinny by\u0107 wyprostowane i oparte o oparcie krzes\u0142a, a k\u0105t mi\u0119dzy udami a tu\u0142owiem oraz mi\u0119dzy ramionami a przedramionami powinien wynosi\u0107 oko\u0142o 90\u00b0. Stopy nale\u017cy oprze\u0107 p\u0142asko na pod\u0142odze, w odleg\u0142o\u015bci 40\u201350 cm od siedziska. Monitor powinien znajdowa\u0107 si\u0119 w odleg\u0142o\u015bci 50\u201370 cm od oczu, ustawiony tak, aby g\u00f3rna kraw\u0119d\u017a ekranu by\u0142a na wysoko\u015bci wzroku lub nieco ni\u017cej, co pozwala zachowa\u0107 k\u0105t widzenia oko\u0142o 30\u00b0. Takie ustawienie stanowiska pracy zmniejsza ryzyko przeci\u0105\u017ce\u0144 mi\u0119\u015bni, b\u00f3lu plec\u00f3w i zm\u0119czenia oczu.<\/p>\n<\/div>\n<\/div>\n<\/div>\n<\/div>\n\n\n\n<h3 class=\"wp-block-heading alignwide has-text-align-center has-text-color has-link-color wp-elements-9cec397ce5913777e29fea91bdbde6b9\" style=\"color:#598d96;margin-top:var(--wp--preset--spacing--10);margin-bottom:var(--wp--preset--spacing--10);font-size:clamp(18.434px, 1.152rem + ((1vw - 3.2px) * 1.101), 29px);line-height:1.5\"><strong>Jakie mog\u0105 by\u0107 skutki z\u0142ej ergonomii pracy? <\/strong><\/h3>\n\n\n\n<div class=\"wp-block-group alignwide is-nowrap is-layout-flex wp-container-core-group-is-layout-6c531013 wp-block-group-is-layout-flex\">\n<p class=\"has-text-align-center wp-container-content-9cfa9a5a\" style=\"font-size:clamp(14px, 0.875rem + ((1vw - 3.2px) * 0.208), 16px);\">Osoby pracuj\u0105ce w biurze cz\u0119sto skar\u017c\u0105 si\u0119 na b\u00f3le kr\u0119gos\u0142upa, b\u00f3le g\u0142owy, oczu czy dr\u0119twienie r\u0105k. Przyczyn\u0105 tych dolegliwo\u015bci bardzo cz\u0119sto jest brak odpowiednio dostosowanego stanowiska pracy, co mo\u017ce prowadzi\u0107 do licznych konsekwencji zdrowotnych. Zastosowanie zasad ergonomii pozwala jednak znacz\u0105co zmniejszy\u0107 ryzyko ich wyst\u0105pienia oraz poprawi\u0107 komfort codziennej pracy.Niew\u0142a\u015bciwe ustawienie krzes\u0142a, biurka i monitora sprzyja przeci\u0105\u017ceniom kr\u0119gos\u0142upa, co w d\u0142u\u017cszej perspektywie mo\u017ce powodowa\u0107 uporczywe b\u00f3le plec\u00f3w i szyi. <\/p>\n\n\n\n<p class=\"has-text-align-center\" style=\"font-size:clamp(14px, 0.875rem + ((1vw - 3.2px) * 0.208), 16px);\">Niew\u0142a\u015bciwe ustawienie krzes\u0142a, biurka i monitora sprzyja przeci\u0105\u017ceniom kr\u0119gos\u0142upa, co w d\u0142u\u017cszej perspektywie mo\u017ce powodowa\u0107 uporczywe b\u00f3le plec\u00f3w i szyi. Nieprawid\u0142owa pozycja r\u0105k zwi\u0119ksza ryzyko problem\u00f3w ze stawami \u0142okciowymi i nadgarstkami, a nawet rozwoju zespo\u0142u cie\u015bni nadgarstka. Dodatkowo \u017ale ustawiony monitor, niew\u0142a\u015bciwe o\u015bwietlenie czy brak regularnych przerw obci\u0105\u017caj\u0105 oczy, prowadz\u0105c do zm\u0119czenia wzroku, zespo\u0142u suchego oka i trudno\u015bci z koncentracj\u0105. Praca w niekomfortowych warunkach skutkuje tak\u017ce og\u00f3lnym zm\u0119czeniem, spadkiem energii oraz obni\u017ceniem produktywno\u015bci.<\/p>\n<\/div>\n\n\n\n<p class=\"has-text-align-center has-contrast-color has-text-color has-link-color wp-elements-434be20259ca2b7d7ee5844b0d6ccd09\" style=\"margin-top:var(--wp--preset--spacing--40);margin-bottom:var(--wp--preset--spacing--40);font-size:clamp(14px, 0.875rem + ((1vw - 3.2px) * 0.208), 16px);\"><strong>Odpowiednia ergonomia stanowiska pracy to zatem nie tylko profilaktyka zdrowotna, ale r\u00f3wnie\u017c spos\u00f3b na popraw\u0119 efektywno\u015bci i samopoczucia w trakcie dnia pracy.<\/strong><\/p>\n\n\n\n<hr class=\"wp-block-separator has-alpha-channel-opacity\" style=\"margin-top:var(--wp--preset--spacing--30);margin-bottom:var(--wp--preset--spacing--30)\"\/>\n\n\n\n<div class=\"wp-block-group alignwide is-vertical is-content-justification-center is-layout-flex wp-container-core-group-is-layout-52b864f0 wp-block-group-is-layout-flex\">\n<h2 class=\"wp-block-heading has-text-align-center is-style-default has-text-color has-link-color wp-elements-6655dca1d3e49e284014d80a7dd7d921\" style=\"color:#598d96\"><strong>Profilaktyka kr\u0119gos\u0142upa l\u0119d\u017awiowego <\/strong><\/h2>\n\n\n\n<div style=\"height:0px\" aria-hidden=\"true\" class=\"wp-block-spacer wp-container-content-4f2ccadb\"><\/div>\n\n\n\n<p class=\"has-text-align-center has-contrast-color has-text-color has-link-color wp-elements-563ddf6b2a245c303d2c760671c1490e\">Podstawowe zasady profilaktyki kr\u0119gos\u0142upa l\u0119d\u017awiowego obejmuj\u0105 regularn\u0105 aktywno\u015b\u0107 fizyczn\u0105, utrzymywanie prawid\u0142owych nawyk\u00f3w ruchowych oraz dbanie o odpowiedni\u0105 ilo\u015b\u0107 snu i regeneracj\u0119.<\/p>\n\n\n\n<div style=\"margin-top:0;margin-bottom:0;height:0px\" aria-hidden=\"true\" class=\"wp-block-spacer wp-container-content-7eea9941\"><\/div>\n<\/div>\n\n\n\n<div class=\"wp-block-group alignwide has-global-padding is-layout-constrained wp-block-group-is-layout-constrained\">\n<div class=\"wp-block-columns alignwide is-layout-flex wp-container-core-columns-is-layout-d0bbbce0 wp-block-columns-is-layout-flex\">\n<div class=\"wp-block-column is-layout-flow wp-container-core-column-is-layout-e3d1c41b wp-block-column-is-layout-flow\">\n<h3 class=\"wp-block-heading has-text-align-left is-style-default has-body-font-family\" style=\"font-size:clamp(0.875rem, 0.875rem + ((1vw - 0.2rem) * 0.542), 1.2rem);font-style:normal;font-weight:600\">\u25bc Aktywno\u015b\u0107 fizyczna<\/h3>\n\n\n\n<p class=\"has-text-align-left\" style=\"font-size:clamp(0.875rem, 0.875rem + ((1vw - 0.2rem) * 0.208), 1rem);\">Regularne \u0107wiczenia wzmacniaj\u0105 mi\u0119\u015bnie podtrzymuj\u0105ce kr\u0119gos\u0142up.<\/p>\n<\/div>\n\n\n\n<div class=\"wp-block-column is-layout-flow wp-container-core-column-is-layout-e3d1c41b wp-block-column-is-layout-flow\">\n<h3 class=\"wp-block-heading has-text-align-left is-style-default has-body-font-family\" style=\"font-size:clamp(0.875rem, 0.875rem + ((1vw - 0.2rem) * 0.542), 1.2rem);font-style:normal;font-weight:600\">\u25bc Prawid\u0142owa postawa<\/h3>\n\n\n\n<p class=\"has-text-align-left\" style=\"font-size:clamp(0.875rem, 0.875rem + ((1vw - 0.2rem) * 0.208), 1rem);\">Utrzymanie prostych plec\u00f3w podczas siedzenia i stania zmniejsza przeci\u0105\u017cenia.<\/p>\n<\/div>\n\n\n\n<div class=\"wp-block-column is-layout-flow wp-container-core-column-is-layout-e3d1c41b wp-block-column-is-layout-flow\">\n<h3 class=\"wp-block-heading has-text-align-left is-style-default has-body-font-family\" style=\"font-size:clamp(0.875rem, 0.875rem + ((1vw - 0.2rem) * 0.542), 1.2rem);font-style:normal;font-weight:600\">\u25bc Unikanie d\u0142ugotrwa\u0142ego siedzenia<\/h3>\n\n\n\n<p class=\"has-text-align-left\" style=\"font-size:clamp(0.875rem, 0.875rem + ((1vw - 0.2rem) * 0.208), 1rem);\">Regularne przerwy i zmiana pozycji odci\u0105\u017caj\u0105 kr\u0119gos\u0142up.<\/p>\n<\/div>\n<\/div>\n<\/div>\n\n\n\n<div style=\"height:var(--wp--preset--spacing--20)\" aria-hidden=\"true\" class=\"wp-block-spacer\"><\/div>\n\n\n\n<div class=\"wp-block-columns alignwide is-layout-flex wp-container-core-columns-is-layout-d0bbbce0 wp-block-columns-is-layout-flex\">\n<div class=\"wp-block-column is-layout-flow wp-container-core-column-is-layout-e3d1c41b wp-block-column-is-layout-flow\">\n<h3 class=\"wp-block-heading has-text-align-left is-style-default has-body-font-family\" style=\"font-size:clamp(0.875rem, 0.875rem + ((1vw - 0.2rem) * 0.542), 1.2rem);font-style:normal;font-weight:600\">\u25bc Ergonomiczne stanowisko pracy<\/h3>\n\n\n\n<p class=\"has-text-align-left\" style=\"font-size:clamp(0.875rem, 0.875rem + ((1vw - 0.2rem) * 0.208), 1rem);\">Odpowiednie ustawienie krzes\u0142a, biurka i monitora wspiera zdrow\u0105 sylwetk\u0119.<\/p>\n<\/div>\n\n\n\n<div class=\"wp-block-column is-layout-flow wp-container-core-column-is-layout-e3d1c41b wp-block-column-is-layout-flow\">\n<h3 class=\"wp-block-heading has-text-align-left is-style-default has-body-font-family\" style=\"font-size:clamp(0.875rem, 0.875rem + ((1vw - 0.2rem) * 0.542), 1.2rem);font-style:normal;font-weight:600\">\u25bc Prawid\u0142owe podnoszenie ci\u0119zar\u00f3w<\/h3>\n\n\n\n<p class=\"has-text-align-left\" style=\"font-size:clamp(0.875rem, 0.875rem + ((1vw - 0.2rem) * 0.208), 1rem);\">Zawsze z ugi\u0119tymi kolanami i prostymi plecami, aby chroni\u0107 odcinek l\u0119d\u017awiowy. <\/p>\n<\/div>\n\n\n\n<div class=\"wp-block-column is-layout-flow wp-container-core-column-is-layout-e3d1c41b wp-block-column-is-layout-flow\">\n<h3 class=\"wp-block-heading has-text-align-left is-style-default has-body-font-family\" style=\"font-size:clamp(0.875rem, 0.875rem + ((1vw - 0.2rem) * 0.542), 1.2rem);font-style:normal;font-weight:600\">\u25bc Sen i regeneracja<\/h3>\n\n\n\n<p class=\"has-text-align-left\" style=\"font-size:clamp(0.875rem, 0.875rem + ((1vw - 0.2rem) * 0.208), 1rem);\">Wygodny materac i odpowiednia ilo\u015b\u0107 snu wspomagaj\u0105 regeneracj\u0119 mi\u0119\u015bni i kr\u0119gos\u0142upa. <\/p>\n<\/div>\n<\/div>\n\n\n\n<hr class=\"wp-block-separator has-alpha-channel-opacity\" style=\"margin-top:var(--wp--preset--spacing--30);margin-bottom:var(--wp--preset--spacing--30)\"\/>\n\n\n\n<div class=\"wp-block-group alignwide is-vertical is-content-justification-center is-layout-flex wp-container-core-group-is-layout-52b864f0 wp-block-group-is-layout-flex\">\n<h2 class=\"wp-block-heading has-text-align-center is-style-default has-text-color has-link-color wp-elements-328edaa8bfd98676e4bcf7b484bf78e6\" style=\"color:#598d96\"><strong>Codzienny ruch dla mocnych i zdrowych plec\u00f3w<\/strong><\/h2>\n\n\n\n<div style=\"height:0px\" aria-hidden=\"true\" class=\"wp-block-spacer wp-container-content-4f2ccadb\"><\/div>\n\n\n\n<p class=\"has-text-align-center has-contrast-color has-text-color has-link-color wp-elements-3a705c98d0b58aa6f2435a1137e20705\">Codzienny ruch to najlepsza profilaktyka dla kr\u0119gos\u0142upa. Regularne \u0107wiczenia wzmacniaj\u0105 mi\u0119\u015bnie stabilizuj\u0105ce, poprawiaj\u0105 elastyczno\u015b\u0107 oraz zmniejszaj\u0105 napi\u0119cie nagromadzone podczas siedzenia. Dzi\u0119ki temu plecy staj\u0105 si\u0119 mocniejsze, a ryzyko b\u00f3lu i przeci\u0105\u017ce\u0144 wyra\u017anie spada.<\/p>\n\n\n\n<p><\/p>\n\n\n\n<p>&#x1f449; Pobierz przygotowan\u0105 dla Ciebie checklist\u0119 i zadbaj o sw\u00f3j kr\u0119gos\u0142up! <\/p>\n\n\n\n<div style=\"margin-top:0;margin-bottom:0;height:0px\" aria-hidden=\"true\" class=\"wp-block-spacer wp-container-content-7eea9941\"><\/div>\n<\/div>\n\n\n\n<div class=\"wp-block-group alignwide has-base-2-background-color has-background is-layout-flow wp-block-group-is-layout-flow\" style=\"border-radius:16px;padding-top:var(--wp--preset--spacing--50);padding-right:var(--wp--preset--spacing--50);padding-bottom:var(--wp--preset--spacing--50);padding-left:var(--wp--preset--spacing--50)\">\n<p class=\"has-text-align-center has-contrast-2-color has-text-color has-link-color has-large-font-size wp-elements-00a64d2e8d6eb4151a6a9fa0bd91a97f\"><strong>Checklisty do pobrania<\/strong><\/p>\n\n\n\n<div style=\"height:var(--wp--preset--spacing--10)\" aria-hidden=\"true\" class=\"wp-block-spacer\"><\/div>\n\n\n\n<div class=\"wp-block-group alignwide is-content-justification-center is-layout-flex wp-container-core-group-is-layout-f95ffa09 wp-block-group-is-layout-flex\" style=\"padding-top:0;padding-right:0;padding-bottom:0;padding-left:0\">\n<figure class=\"wp-block-image size-large is-resized\"><img decoding=\"async\" width=\"1024\" height=\"1024\" src=\"https:\/\/lumbago.dkonto.pl\/wp-content\/uploads\/2025\/09\/Checklista-zdrowych-plecow-1024x1024.png\" alt=\"\" class=\"wp-image-297\" style=\"object-fit:cover;width:201px;height:auto\" srcset=\"https:\/\/lumbago.dkonto.pl\/wp-content\/uploads\/2025\/09\/Checklista-zdrowych-plecow-1024x1024.png 1024w, https:\/\/lumbago.dkonto.pl\/wp-content\/uploads\/2025\/09\/Checklista-zdrowych-plecow-300x300.png 300w, https:\/\/lumbago.dkonto.pl\/wp-content\/uploads\/2025\/09\/Checklista-zdrowych-plecow-150x150.png 150w, https:\/\/lumbago.dkonto.pl\/wp-content\/uploads\/2025\/09\/Checklista-zdrowych-plecow-768x768.png 768w, https:\/\/lumbago.dkonto.pl\/wp-content\/uploads\/2025\/09\/Checklista-zdrowych-plecow.png 1080w\" sizes=\"(max-width: 1024px) 100vw, 1024px\" \/><\/figure>\n\n\n\n<div class=\"wp-block-file has-base-2-background-color has-background\">\n  <span>&#x1f449;<\/span>\n  <a href=\"https:\/\/lumbago.dkonto.pl\/wp-content\/uploads\/2025\/09\/Checklista-zdrowych-plecow-1.png\" class=\"wp-block-file__button wp-element-button\" download=\"\">\n     Pobierz\n  <\/a>\n<\/div>\n\n\n\n<figure class=\"wp-block-image size-large is-resized\"><img loading=\"lazy\" decoding=\"async\" width=\"1024\" height=\"1024\" src=\"https:\/\/lumbago.dkonto.pl\/wp-content\/uploads\/2025\/09\/Checklista-zdrowych-plecow-1-3-1024x1024.png\" alt=\"\" class=\"wp-image-326\" style=\"width:203px;height:auto\" srcset=\"https:\/\/lumbago.dkonto.pl\/wp-content\/uploads\/2025\/09\/Checklista-zdrowych-plecow-1-3-1024x1024.png 1024w, https:\/\/lumbago.dkonto.pl\/wp-content\/uploads\/2025\/09\/Checklista-zdrowych-plecow-1-3-300x300.png 300w, https:\/\/lumbago.dkonto.pl\/wp-content\/uploads\/2025\/09\/Checklista-zdrowych-plecow-1-3-150x150.png 150w, https:\/\/lumbago.dkonto.pl\/wp-content\/uploads\/2025\/09\/Checklista-zdrowych-plecow-1-3-768x768.png 768w, https:\/\/lumbago.dkonto.pl\/wp-content\/uploads\/2025\/09\/Checklista-zdrowych-plecow-1-3.png 1080w\" sizes=\"(max-width: 1024px) 100vw, 1024px\" \/><\/figure>\n\n\n\n<div class=\"wp-block-file has-base-2-background-color has-background\">&#x1f449;<a class=\"wp-block-file__button wp-element-button\" href=\"https:\/\/lumbago.dkonto.pl\/wp-content\/uploads\/2025\/09\/Checklista-zdrowych-plecow-(1).png\" download=\"\"> Pobierz <\/a><\/div>\n\n\n\n<figure class=\"wp-block-image size-large is-resized\"><img loading=\"lazy\" decoding=\"async\" width=\"1024\" height=\"1024\" src=\"https:\/\/lumbago.dkonto.pl\/wp-content\/uploads\/2025\/09\/Checklista-zdrowych-plecow-2-1-1024x1024.png\" alt=\"\" class=\"wp-image-327\" style=\"width:206px;height:auto\" srcset=\"https:\/\/lumbago.dkonto.pl\/wp-content\/uploads\/2025\/09\/Checklista-zdrowych-plecow-2-1-1024x1024.png 1024w, https:\/\/lumbago.dkonto.pl\/wp-content\/uploads\/2025\/09\/Checklista-zdrowych-plecow-2-1-300x300.png 300w, https:\/\/lumbago.dkonto.pl\/wp-content\/uploads\/2025\/09\/Checklista-zdrowych-plecow-2-1-150x150.png 150w, https:\/\/lumbago.dkonto.pl\/wp-content\/uploads\/2025\/09\/Checklista-zdrowych-plecow-2-1-768x768.png 768w, https:\/\/lumbago.dkonto.pl\/wp-content\/uploads\/2025\/09\/Checklista-zdrowych-plecow-2-1.png 1080w\" sizes=\"(max-width: 1024px) 100vw, 1024px\" \/><\/figure>\n\n\n\n<div class=\"wp-block-file has-base-2-background-color has-background\">&#x1f449;<a class=\"wp-block-file__button wp-element-button\" href=\"https:\/\/lumbago.dkonto.pl\/wp-content\/uploads\/2025\/09\/Checklista-zdrowych-plecow-1.png\" download=\"\"> Pobierz <\/a><\/div>\n<\/div>\n<\/div>\n\n\n\n<hr class=\"wp-block-separator alignfull has-alpha-channel-opacity\"\/>\n\n\n\n<div class=\"wp-block-group alignfull has-contrast-3-color has-text-color has-link-color wp-elements-23cb29105b50adc6007d91859f05db5a has-global-padding is-layout-constrained wp-block-group-is-layout-constrained\">\n<p style=\"font-size:0.7rem\">Pi\u015bmiennictwo:<\/p>\n\n\n\n<div class=\"wp-block-group has-global-padding is-layout-constrained wp-block-group-is-layout-constrained\">\n<ol class=\"wp-block-list\">\n<li style=\"font-size:0.7rem\">Zbigniew W. J\u00f3\u017awiak \u201eErgonomia pracy na stanowiskach typu biurowego\u201d 2018<\/li>\n\n\n\n<li style=\"font-size:0.7rem\">Pawe\u0142 Bartuzi, Joanna Kami\u0144ska \u201eObci\u0105\u017cenie i dolegliwo\u015bci uk\u0142adu mi\u0119\u015bniowo-szkieletowego a poziom wiedzy pracownik\u00f3w o ergonomii stanowiska komputerowego\u201d 2010<\/li>\n\n\n\n<li style=\"font-size:0.7rem\">Sitko J., Szcz\u0119\u015bniak B. \u201eAnaliza obci\u0105\u017ce\u0144 statycznych na stanowiskach pracy biurowej\u201d 2014<\/li>\n\n\n\n<li style=\"font-size:0.7rem\">Gedliczka A. (2001) Atlas miar cz\u0142owieka. Warszawa, CIOP. &#8211; Kami\u0144ska J., Tokarski T. Ergonomia pracy z komputerem \u2013 od tabletu do stanowisk z wieloma monitorami. Warszawa, CIOP.<\/li>\n<\/ol>\n\n\n\n<p><\/p>\n\n\n\n<p class=\"has-text-align-center\">Strona ma charakter edukacyjny i nie zast\u0119puje profesjonalnej konsultacji lekarskiej ani fizjoterapeutycznej. <\/p>\n<\/div>\n\n\n\n<p><\/p>\n<\/div>\n","protected":false},"excerpt":{"rendered":"<p>Tw\u00f3j poradnik zdrowych plec\u00f3w Zestaw sprawdzonych wskaz\u00f3wek i \u0107wicze\u0144, kt\u00f3re pomog\u0105 Ci zadba\u0107 o kr\u0119gos\u0142up ka\u017cdego dnia.&nbsp; Ergonomia pracy biurowej Ergonomia pracy biurowej ma kluczowe znaczenie zar\u00f3wno dla zdrowia pracownika, jak i jego efektywno\u015bci. Niew\u0142a\u015bciwa organizacja stanowiska prowadzi do przeci\u0105\u017ce\u0144 mi\u0119\u015bni plec\u00f3w i kr\u0119gos\u0142upa, a nawet dolegliwo\u015bci b\u00f3lowych zg\u0142aszanych przez oko\u0142o 40% os\u00f3b pracuj\u0105cych przy [&hellip;]<\/p>\n","protected":false},"author":1,"featured_media":219,"parent":0,"menu_order":0,"comment_status":"closed","ping_status":"closed","template":"","meta":{"footnotes":""},"class_list":["post-61","page","type-page","status-publish","has-post-thumbnail","hentry"],"_links":{"self":[{"href":"https:\/\/lumbago.dkonto.pl\/index.php\/wp-json\/wp\/v2\/pages\/61","targetHints":{"allow":["GET"]}}],"collection":[{"href":"https:\/\/lumbago.dkonto.pl\/index.php\/wp-json\/wp\/v2\/pages"}],"about":[{"href":"https:\/\/lumbago.dkonto.pl\/index.php\/wp-json\/wp\/v2\/types\/page"}],"author":[{"embeddable":true,"href":"https:\/\/lumbago.dkonto.pl\/index.php\/wp-json\/wp\/v2\/users\/1"}],"replies":[{"embeddable":true,"href":"https:\/\/lumbago.dkonto.pl\/index.php\/wp-json\/wp\/v2\/comments?post=61"}],"version-history":[{"count":73,"href":"https:\/\/lumbago.dkonto.pl\/index.php\/wp-json\/wp\/v2\/pages\/61\/revisions"}],"predecessor-version":[{"id":402,"href":"https:\/\/lumbago.dkonto.pl\/index.php\/wp-json\/wp\/v2\/pages\/61\/revisions\/402"}],"wp:featuredmedia":[{"embeddable":true,"href":"https:\/\/lumbago.dkonto.pl\/index.php\/wp-json\/wp\/v2\/media\/219"}],"wp:attachment":[{"href":"https:\/\/lumbago.dkonto.pl\/index.php\/wp-json\/wp\/v2\/media?parent=61"}],"curies":[{"name":"wp","href":"https:\/\/api.w.org\/{rel}","templated":true}]}}