{"id":63,"date":"2025-09-11T17:41:47","date_gmt":"2025-09-11T15:41:47","guid":{"rendered":"https:\/\/lumbago.dkonto.pl\/?page_id=63"},"modified":"2025-09-25T09:42:46","modified_gmt":"2025-09-25T07:42:46","slug":"baza-cwiczen","status":"publish","type":"page","link":"https:\/\/lumbago.dkonto.pl\/index.php\/baza-cwiczen\/","title":{"rendered":"Baza \u0107wicze\u0144"},"content":{"rendered":"\n<div class=\"wp-block-group alignfull has-global-padding is-layout-constrained wp-container-core-group-is-layout-3317f9b0 wp-block-group-is-layout-constrained\" style=\"padding-top:var(--wp--preset--spacing--10);padding-right:var(--wp--preset--spacing--50);padding-bottom:var(--wp--preset--spacing--10);padding-left:var(--wp--preset--spacing--50)\">\n<div class=\"wp-block-group has-global-padding is-layout-constrained wp-container-core-group-is-layout-650790e1 wp-block-group-is-layout-constrained\">\n<div class=\"wp-block-group alignfull has-global-padding is-layout-constrained wp-block-group-is-layout-constrained\">\n<div class=\"wp-block-group alignfull has-global-padding is-layout-constrained wp-block-group-is-layout-constrained\">\n<h1 class=\"wp-block-heading alignfull has-text-align-center has-text-color has-link-color has-x-large-font-size wp-elements-5a0b58be8304ccb6e0fc6313d1908416\" style=\"color:#598d96\"><strong>\u0106wiczenia dla zdrowego kr\u0119gos\u0142upa l\u0119d\u017awiowego<\/strong><\/h1>\n<\/div>\n<\/div>\n\n\n\n<div style=\"height:20px\" aria-hidden=\"true\" class=\"wp-block-spacer\"><\/div>\n\n\n\n<p class=\"has-text-align-center has-contrast-2-color has-text-color has-link-color has-small-font-size wp-elements-a407f0317b87894edb1550006006bb05\"><\/p>\n\n\n\n<p class=\"has-text-align-center has-contrast-2-color has-text-color has-link-color has-small-font-size wp-elements-9553f23cfdab36c024193e8d05927f33\">Regularna aktywno\u015b\u0107 fizyczna wspiera stabilizacj\u0119 kr\u0119gos\u0142upa, poprawia elastyczno\u015b\u0107 i redukuje ryzyko b\u00f3lu. W tej sekcji znajdziesz zestaw sprawdzonych \u0107wicze\u0144 profilaktycznych, kt\u00f3re mo\u017cesz wykonywa\u0107 samodzielnie w domu<\/p>\n\n\n\n<div style=\"height:1.25rem\" aria-hidden=\"true\" class=\"wp-block-spacer\"><\/div>\n<\/div>\n\n\n\n<figure class=\"wp-block-image aligncenter size-full has-custom-border is-style-rounded is-style-rounded--1\"><img fetchpriority=\"high\" decoding=\"async\" width=\"977\" height=\"554\" src=\"https:\/\/lumbago.dkonto.pl\/wp-content\/uploads\/2025\/09\/cw4.jpg\" alt=\"\" class=\"wp-image-339\" style=\"border-style:none;border-width:0px;border-radius:26px\" srcset=\"https:\/\/lumbago.dkonto.pl\/wp-content\/uploads\/2025\/09\/cw4.jpg 977w, https:\/\/lumbago.dkonto.pl\/wp-content\/uploads\/2025\/09\/cw4-300x170.jpg 300w, https:\/\/lumbago.dkonto.pl\/wp-content\/uploads\/2025\/09\/cw4-768x435.jpg 768w\" sizes=\"(max-width: 977px) 100vw, 977px\" \/><\/figure>\n<\/div>\n\n\n\n<div class=\"wp-block-group alignfull has-base-2-background-color has-background has-global-padding is-layout-constrained wp-container-core-group-is-layout-f6cc5ae6 wp-block-group-is-layout-constrained\" style=\"margin-top:0;margin-bottom:0;padding-top:var(--wp--preset--spacing--30);padding-right:var(--wp--preset--spacing--50);padding-bottom:var(--wp--preset--spacing--30);padding-left:var(--wp--preset--spacing--50)\">\n<div class=\"wp-block-group alignwide is-vertical is-content-justification-center is-layout-flex wp-container-core-group-is-layout-52b864f0 wp-block-group-is-layout-flex\">\n<h2 class=\"wp-block-heading has-text-align-center is-style-default has-large-font-size\"><strong>\u0106wiczenia rozci\u0105gaj\u0105ce<\/strong><\/h2>\n\n\n\n<div style=\"height:0px\" aria-hidden=\"true\" class=\"wp-block-spacer wp-container-content-4f2ccadb\"><\/div>\n\n\n\n<p class=\"has-text-align-center\">Przyci\u0105ganie kolana do platki pieirsiowej w le\u017ceniu na plecach jest jednym z podstawowych i bardzo bezpiecznych \u0107wicze\u0144 orzci\u0105gaj\u0105cych dla odcinka l\u0119d\u017awiowego kr\u0119gos\u0142upa. <\/p>\n<\/div>\n\n\n\n<div class=\"wp-block-columns alignwide is-layout-flex wp-container-core-columns-is-layout-d0bbbce0 wp-block-columns-is-layout-flex\">\n<div class=\"wp-block-column is-layout-flow wp-container-core-column-is-layout-e3d1c41b wp-block-column-is-layout-flow\">\n<h3 class=\"wp-block-heading has-text-align-center is-style-asterisk has-body-font-family has-medium-font-size\" style=\"font-style:normal;font-weight:600\">Jak wykona\u0107 te \u0107wiczenie? <\/h3>\n\n\n\n<p class=\"has-text-align-center\">Po\u0142\u00f3\u017c si\u0119 na plecach, ugnij nogi w kolanach. Zacznij powoli przyci\u0105ga\u0107 jedno kolano do klatki piersiowej, obejmuj\u0105c je d\u0142o\u0144mi. <\/p>\n\n\n\n<p class=\"has-text-align-center\">T\u0105 pozycj\u0119 utrzymaj przez 15-20 sekund utrzymuj\u0105c r\u00f3wnomierny oddech, nast\u0119pnie powoli wr\u00f3\u0107 do pozycji wyjsciowej. <\/p>\n\n\n\n<p class=\"has-text-align-center\">Wykonaj te \u0107wiczenie naprzemiennie. <\/p>\n<\/div>\n<\/div>\n\n\n\n<div class=\"wp-block-columns alignwide is-layout-flex wp-container-core-columns-is-layout-d0bbbce0 wp-block-columns-is-layout-flex\">\n<div class=\"wp-block-column is-layout-flow wp-container-core-column-is-layout-e3d1c41b wp-block-column-is-layout-flow\">\n<h3 class=\"wp-block-heading has-text-align-center is-style-asterisk has-body-font-family has-medium-font-size\" style=\"font-style:normal;font-weight:600\">Jakie s\u0105 efekty? <\/h3>\n\n\n\n<p class=\"has-text-align-center\">Rozci\u0105gni\u0119cie najwi\u0119kszych mi\u0119sni w ludzkim ciele, czyli mi\u0119\u015bni po\u015bladkowych i dolnej partii kr\u0119gos\u0142upa, dodatkowo zmniejszaj\u0105c napi\u0119cia wyst\u0119puj\u0105ce w odcinku l\u0119d\u017awiowym. Regularne wykonywanie tego \u0107wiczenia poprawia elastyczno\u015b\u0107 i mobilno\u015b\u0107 kr\u0119gos\u0142upa.<\/p>\n\n\n\n<h3 class=\"wp-block-heading has-text-align-center is-style-asterisk has-body-font-family has-medium-font-size\" style=\"font-style:normal;font-weight:600\">WSKAZ\u00d3WKI &#x1f642;<\/h3>\n\n\n\n<p class=\"has-text-align-center\">\u0106wiczenie wykonuj powoli, bez szarpania i gwa\u0142townych ruch\u00f3w, poniewa\u017c mo\u017cesz wy\u0142\u0105cznie pog\u0142\u0119bi\u0107 kontuzj\u0119. Oddech jest bardzo wa\u017cny! Oddychaj spokojnie, kontroluj ruch cia\u0142a. Wa\u017cna informacja &#8211; je\u015bli poczujesz b\u00f3l, przerwij \u0107wiczenie. <\/p>\n<\/div>\n<\/div>\n<\/div>\n\n\n\n<div class=\"wp-block-group alignfull has-global-padding is-layout-constrained wp-container-core-group-is-layout-2df14bad wp-block-group-is-layout-constrained\" style=\"margin-top:0;margin-bottom:0;padding-top:var(--wp--preset--spacing--10);padding-right:var(--wp--preset--spacing--50);padding-bottom:var(--wp--preset--spacing--10);padding-left:var(--wp--preset--spacing--50)\">\n<figure class=\"wp-block-image aligncenter size-full has-custom-border is-style-rounded is-style-rounded--2\"><img decoding=\"async\" width=\"793\" height=\"939\" src=\"https:\/\/lumbago.dkonto.pl\/wp-content\/uploads\/2025\/09\/c-2.jpg\" alt=\"\" class=\"wp-image-355\" style=\"border-style:none;border-width:0px;border-radius:26px\" srcset=\"https:\/\/lumbago.dkonto.pl\/wp-content\/uploads\/2025\/09\/c-2.jpg 793w, https:\/\/lumbago.dkonto.pl\/wp-content\/uploads\/2025\/09\/c-2-253x300.jpg 253w, https:\/\/lumbago.dkonto.pl\/wp-content\/uploads\/2025\/09\/c-2-768x909.jpg 768w\" sizes=\"(max-width: 793px) 100vw, 793px\" \/><\/figure>\n\n\n\n<div class=\"wp-block-group alignwide is-vertical is-content-justification-center is-layout-flex wp-container-core-group-is-layout-6329a8f3 wp-block-group-is-layout-flex\">\n<h2 class=\"wp-block-heading has-text-align-center is-style-default has-large-font-size\"><strong>Zestaw \u0107wicze\u0144 profilaktycznych i rozci\u0105gaj\u0105cych dla kr\u0119gos\u0142upa<\/strong><\/h2>\n\n\n\n<p class=\"has-text-align-center\">Zestaw obejmuje 27 prostych pozycji i ruch\u00f3w, kt\u00f3re maj\u0105 na celu odci\u0105\u017cenie kr\u0119gos\u0142upa, popraw\u0119 jego ruchomo\u015bci oraz zmniejszenie dolegliwo\u015bci b\u00f3lowych w odcinku l\u0119d\u017awiowym. <\/p>\n\n\n\n<p class=\"has-text-align-center\">\u0106wiczenia \u0142\u0105cz\u0105 elementy rozci\u0105gania, wzmacniania mi\u0119\u015bni posturalnych oraz relaksacji, dzi\u0119ki czemu stanowi\u0105 skuteczn\u0105 form\u0119 profilaktyki przeci\u0105\u017ce\u0144 i dyskomfortu zwi\u0105zanego z siedz\u0105cym trybem \u017cycia.<\/p>\n<\/div>\n\n\n\n<div class=\"wp-block-columns alignwide is-layout-flex wp-container-core-columns-is-layout-d0bbbce0 wp-block-columns-is-layout-flex\">\n<div class=\"wp-block-column is-layout-flow wp-container-core-column-is-layout-e3d1c41b wp-block-column-is-layout-flow\">\n<h3 class=\"wp-block-heading has-text-align-center is-style-asterisk has-body-font-family has-medium-font-size\" style=\"font-style:normal;font-weight:600\">Jak wykona\u0107 te \u0107wiczenie? <\/h3>\n\n\n\n<p class=\"has-text-align-center\">Ka\u017cde z przedstawionych \u0107wicze\u0144 nale\u017cy wykonywa\u0107 powoli i \u015bwiadomie, skupiaj\u0105c si\u0119 na prawid\u0142owym ruchu zaprezentowanym na ilustracji. W zale\u017cno\u015bci od pozycji przyci\u0105gaj nog\u0119, skr\u0119caj tu\u0142\u00f3w lub uno\u015b sylwetk\u0119 w spos\u00f3b kontrolowany, unikaj\u0105c gwa\u0142townych ruch\u00f3w. <\/p>\n\n\n\n<p class=\"has-text-align-center\">Szczeg\u00f3ln\u0105 uwag\u0119 zwr\u00f3\u0107 na to, aby odcinek l\u0119d\u017awiowy pozostawa\u0142 w kontakcie z pod\u0142o\u017cem, co pozwala na bezpieczne odci\u0105\u017cenie kr\u0119gos\u0142upa. <\/p>\n<\/div>\n<\/div>\n\n\n\n<div class=\"wp-block-columns alignwide is-layout-flex wp-container-core-columns-is-layout-d0bbbce0 wp-block-columns-is-layout-flex\">\n<div class=\"wp-block-column is-layout-flow wp-container-core-column-is-layout-e3d1c41b wp-block-column-is-layout-flow\">\n<h3 class=\"wp-block-heading has-text-align-center is-style-asterisk has-body-font-family has-medium-font-size\" style=\"font-style:normal;font-weight:600\">Jakie s\u0105 efekty? <\/h3>\n\n\n\n<p class=\"has-text-align-center\">Regularne wykonywanie zestawu przyczynia si\u0119 do zwi\u0119kszenia elastyczno\u015bci mi\u0119\u015bni, poprawy stabilizacji posturalnej oraz zmniejszenia dolegliwo\u015bci b\u00f3lowych w odcinku l\u0119d\u017awiowym. \u0106wiczenia wspieraj\u0105 tak\u017ce prawid\u0142ow\u0105 mobilno\u015b\u0107 kr\u0119gos\u0142upa i bioder.<\/p>\n\n\n\n<h3 class=\"wp-block-heading has-text-align-center is-style-asterisk has-body-font-family has-medium-font-size\" style=\"font-style:normal;font-weight:600\">WSKAZ\u00d3WKI &#x1f642;<\/h3>\n\n\n\n<p class=\"has-text-align-center\">Utrzymuj ka\u017cd\u0105 pozycj\u0119 przez oko\u0142o 15-20 sekund, powtarzaj\u0105c \u0107wiczenie 2-3 razy. \u0106wicz w spokojnym tempie, zsynchronizuj ruch z oddechem, a pami\u0119taj oddech jest bardzo wa\u017cny! W przypadku \u0107wicze\u0144 wymagaj\u0105cych przyci\u0105gania kolan &#8211; nie odrywaj l\u0119d\u017awi od pod\u0142o\u017ca. Zestaw najlepiej wykonywa\u0107 codziennie lub minimum 3 razy w tygodniu, w warunkach komfortowych i bez po\u015bpiechu.<\/p>\n<\/div>\n<\/div>\n\n\n\n<div class=\"wp-block-group alignfull has-global-padding is-layout-constrained wp-block-group-is-layout-constrained\"><\/div>\n\n\n\n<div class=\"wp-block-group alignfull has-global-padding is-layout-constrained wp-block-group-is-layout-constrained\" style=\"padding-top:var(--wp--preset--spacing--30);padding-bottom:var(--wp--preset--spacing--30)\">\n<h1 class=\"wp-block-heading alignfull has-text-align-center has-text-color has-link-color has-large-font-size wp-elements-c8f9676b19fb88941cc33530edaf61ac\" style=\"color:#598d96\"><strong>Pozosta\u0142e \u0107wiczenia profilaktycze i rehabilitacyjne<\/strong><\/h1>\n\n\n\n<p><\/p>\n\n\n\n<div class=\"wp-block-group alignfull has-global-padding is-layout-constrained wp-block-group-is-layout-constrained\">\n<figure class=\"wp-block-image aligncenter size-full is-resized has-custom-border is-style-rounded is-style-rounded--3\"><img decoding=\"async\" width=\"1080\" height=\"1011\" src=\"https:\/\/lumbago.dkonto.pl\/wp-content\/uploads\/2025\/09\/cw3-1.png\" alt=\"\" class=\"wp-image-361\" style=\"border-style:none;border-width:0px;border-radius:26px;width:459px;height:auto\" srcset=\"https:\/\/lumbago.dkonto.pl\/wp-content\/uploads\/2025\/09\/cw3-1.png 1080w, https:\/\/lumbago.dkonto.pl\/wp-content\/uploads\/2025\/09\/cw3-1-300x281.png 300w, https:\/\/lumbago.dkonto.pl\/wp-content\/uploads\/2025\/09\/cw3-1-1024x959.png 1024w, https:\/\/lumbago.dkonto.pl\/wp-content\/uploads\/2025\/09\/cw3-1-768x719.png 768w\" sizes=\"(max-width: 1080px) 100vw, 1080px\" \/><\/figure>\n<\/div>\n<\/div>\n\n\n\n<figure class=\"wp-block-image aligncenter size-full has-custom-border is-style-rounded is-style-rounded--4\"><img loading=\"lazy\" decoding=\"async\" width=\"450\" height=\"601\" src=\"https:\/\/lumbago.dkonto.pl\/wp-content\/uploads\/2025\/09\/cw1.jpg\" alt=\"\" class=\"wp-image-362\" style=\"border-style:none;border-width:0px;border-radius:26px\" srcset=\"https:\/\/lumbago.dkonto.pl\/wp-content\/uploads\/2025\/09\/cw1.jpg 450w, https:\/\/lumbago.dkonto.pl\/wp-content\/uploads\/2025\/09\/cw1-225x300.jpg 225w\" sizes=\"(max-width: 450px) 100vw, 450px\" \/><\/figure>\n<\/div>\n\n\n\n<hr class=\"wp-block-separator alignfull has-alpha-channel-opacity\"\/>\n\n\n\n<div class=\"wp-block-group alignfull has-contrast-3-color has-text-color has-link-color wp-elements-61451878376eb8125c6e8a9773ce57b1 has-global-padding is-layout-constrained wp-container-core-group-is-layout-86dba5ee wp-block-group-is-layout-constrained\" style=\"padding-top:var(--wp--preset--spacing--10);padding-right:var(--wp--preset--spacing--10);padding-bottom:var(--wp--preset--spacing--10);padding-left:var(--wp--preset--spacing--10)\">\n<p style=\"font-size:0.7rem\">Pi\u015bmiennictwo:<\/p>\n\n\n\n<div class=\"wp-block-group has-global-padding is-layout-constrained wp-block-group-is-layout-constrained\">\n<ol class=\"wp-block-list\">\n<li class=\"has-contrast-3-color has-text-color has-link-color wp-elements-4a3078790f06a93d9664647c2b3192bd\" style=\"font-size:0.7rem\">K\u0119dra, A., Barczyk, K., &amp; K\u0119dra, P. (2014). Kr\u0119gos\u0142up cz\u0142owieka. Budowa, funkcja, dysfunkcja. Wydawnictwo AWF Katowice.<\/li>\n\n\n\n<li class=\"has-contrast-3-color has-text-color has-link-color wp-elements-20c63c3e6d66b6b7bf17a31ab08e6088\" style=\"font-size:0.7rem\">Lewandowski, J. (2010). Rehabilitacja w chorobach kr\u0119gos\u0142upa. Wydawnictwo Lekarskie PZWL.<\/li>\n\n\n\n<li class=\"has-contrast-3-color has-text-color has-link-color wp-elements-7c7e2e13fd5e3fc033cce921b2e02fc3\" style=\"font-size:0.7rem\">Jarmundowicz, W. (red.). (2016). Choroby kr\u0119gos\u0142upa. Wydawnictwo Lekarskie PZWL.<\/li>\n\n\n\n<li class=\"has-contrast-3-color has-text-color has-link-color wp-elements-b07125aa90c23f2eb153253989dde9ff\" style=\"font-size:0.7rem\">Dziak, A., &amp; Tayara, S. (2011). B\u00f3le krzy\u017ca. Diagnostyka i leczeni<strong>e.<\/strong> Wydawnictwo Medycyna Praktyczna.<\/li>\n\n\n\n<li class=\"has-contrast-3-color has-text-color has-link-color wp-elements-d00af5b6fbfa66884d92d5ffb9ee178a\" style=\"font-size:0.7rem\">Kisner, C., &amp; Colby, L. A. (2017). Therapeutic Exercise: Foundations and Techniques<strong>. <\/strong>F.A. Davis Company.<\/li>\n<\/ol>\n<\/div>\n<\/div>\n\n\n\n<p class=\"has-text-align-center has-text-color has-link-color wp-elements-2df30ed69ae346d1d8b008a5776f6e53\" style=\"color:#a4a4a4\">Strona ma charakter edukacyjny i nie zast\u0119puje profesjonalnej konsultacji lekarskiej ani fizjoterapeutycznej.<\/p>\n","protected":false},"excerpt":{"rendered":"<p>\u0106wiczenia dla zdrowego kr\u0119gos\u0142upa l\u0119d\u017awiowego Regularna aktywno\u015b\u0107 fizyczna wspiera stabilizacj\u0119 kr\u0119gos\u0142upa, poprawia elastyczno\u015b\u0107 i redukuje ryzyko b\u00f3lu. W tej sekcji znajdziesz zestaw sprawdzonych \u0107wicze\u0144 profilaktycznych, kt\u00f3re mo\u017cesz wykonywa\u0107 samodzielnie w domu \u0106wiczenia rozci\u0105gaj\u0105ce Przyci\u0105ganie kolana do platki pieirsiowej w le\u017ceniu na plecach jest jednym z podstawowych i bardzo bezpiecznych \u0107wicze\u0144 orzci\u0105gaj\u0105cych dla odcinka l\u0119d\u017awiowego kr\u0119gos\u0142upa. [&hellip;]<\/p>\n","protected":false},"author":1,"featured_media":0,"parent":0,"menu_order":0,"comment_status":"closed","ping_status":"closed","template":"","meta":{"footnotes":""},"class_list":["post-63","page","type-page","status-publish","hentry"],"_links":{"self":[{"href":"https:\/\/lumbago.dkonto.pl\/index.php\/wp-json\/wp\/v2\/pages\/63","targetHints":{"allow":["GET"]}}],"collection":[{"href":"https:\/\/lumbago.dkonto.pl\/index.php\/wp-json\/wp\/v2\/pages"}],"about":[{"href":"https:\/\/lumbago.dkonto.pl\/index.php\/wp-json\/wp\/v2\/types\/page"}],"author":[{"embeddable":true,"href":"https:\/\/lumbago.dkonto.pl\/index.php\/wp-json\/wp\/v2\/users\/1"}],"replies":[{"embeddable":true,"href":"https:\/\/lumbago.dkonto.pl\/index.php\/wp-json\/wp\/v2\/comments?post=63"}],"version-history":[{"count":24,"href":"https:\/\/lumbago.dkonto.pl\/index.php\/wp-json\/wp\/v2\/pages\/63\/revisions"}],"predecessor-version":[{"id":384,"href":"https:\/\/lumbago.dkonto.pl\/index.php\/wp-json\/wp\/v2\/pages\/63\/revisions\/384"}],"wp:attachment":[{"href":"https:\/\/lumbago.dkonto.pl\/index.php\/wp-json\/wp\/v2\/media?parent=63"}],"curies":[{"name":"wp","href":"https:\/\/api.w.org\/{rel}","templated":true}]}}