{"id":67,"date":"2025-09-11T17:42:34","date_gmt":"2025-09-11T15:42:34","guid":{"rendered":"https:\/\/lumbago.dkonto.pl\/?page_id=67"},"modified":"2025-09-26T16:49:02","modified_gmt":"2025-09-26T14:49:02","slug":"konsultacje-z-lekarzami","status":"publish","type":"page","link":"https:\/\/lumbago.dkonto.pl\/index.php\/konsultacje-z-lekarzami\/","title":{"rendered":"Konsultacje z lekarzami"},"content":{"rendered":"\n<div class=\"wp-block-group alignfull has-base-color has-text-color has-background has-global-padding is-layout-constrained wp-container-core-group-is-layout-ef3d885c wp-block-group-is-layout-constrained\" style=\"background-color:#598d9647;margin-top:0;margin-bottom:0;padding-top:var(--wp--preset--spacing--60);padding-right:var(--wp--preset--spacing--60);padding-bottom:var(--wp--preset--spacing--60);padding-left:var(--wp--preset--spacing--60)\">\n<div class=\"wp-block-group has-global-padding is-layout-constrained wp-block-group-is-layout-constrained\">\n<p class=\"has-text-align-center has-base-color has-text-color has-heading-font-family has-x-large-font-size\" style=\"line-height:1.2\">Strona umo\u017cliwiaj\u0105ca konsultacje z lekarzami jest dost\u0119pna wy\u0142\u0105cznie dla u\u017cytkownik\u00f3w <\/p>\n\n\n\n<p class=\"has-text-align-center has-base-color has-text-color has-heading-font-family has-x-large-font-size\" style=\"line-height:1.2\"><em>PREMIUM.<\/em><\/p>\n<\/div>\n<\/div>\n\n\n\n<div class=\"wp-block-group alignfull has-global-padding is-layout-constrained wp-container-core-group-is-layout-d89aad35 wp-block-group-is-layout-constrained\" style=\"margin-top:0;margin-bottom:0;padding-top:var(--wp--preset--spacing--50);padding-right:var(--wp--preset--spacing--50);padding-bottom:var(--wp--preset--spacing--50);padding-left:var(--wp--preset--spacing--50)\">\n<div class=\"wp-block-group alignwide has-base-2-background-color has-background has-global-padding is-layout-constrained wp-container-core-group-is-layout-39412042 wp-block-group-is-layout-constrained\" style=\"border-radius:16px;padding-top:var(--wp--preset--spacing--40);padding-right:var(--wp--preset--spacing--50);padding-bottom:var(--wp--preset--spacing--40);padding-left:var(--wp--preset--spacing--50)\">\n<div style=\"height:var(--wp--preset--spacing--10)\" aria-hidden=\"true\" class=\"wp-block-spacer\"><\/div>\n\n\n\n<h2 class=\"wp-block-heading has-text-align-center has-x-large-font-size\">Do\u0142\u0105cz do nas!<\/h2>\n\n\n\n<p class=\"has-text-align-center\"> 900+ subskrypcji<\/p>\n\n\n\n<p class=\"has-text-align-center\">B\u0105d\u017a cz\u0119\u015bci\u0105 naszego zespo\u0142u zdrowych plec\u00f3w!<\/p>\n\n\n\n<div class=\"wp-block-buttons is-content-justification-center is-layout-flex wp-container-core-buttons-is-layout-a89b3969 wp-block-buttons-is-layout-flex\">\n<div class=\"wp-block-button\"><a class=\"wp-block-button__link wp-element-button\">Zarejestruj si\u0119<\/a><\/div>\n<\/div>\n\n\n\n<div style=\"height:var(--wp--preset--spacing--10)\" aria-hidden=\"true\" class=\"wp-block-spacer\"><\/div>\n<\/div>\n<\/div>\n","protected":false},"excerpt":{"rendered":"<p>Strona umo\u017cliwiaj\u0105ca konsultacje z lekarzami jest dost\u0119pna wy\u0142\u0105cznie dla u\u017cytkownik\u00f3w PREMIUM. Do\u0142\u0105cz do nas! 900+ subskrypcji B\u0105d\u017a cz\u0119\u015bci\u0105 naszego zespo\u0142u zdrowych plec\u00f3w!<\/p>\n","protected":false},"author":1,"featured_media":0,"parent":0,"menu_order":0,"comment_status":"closed","ping_status":"closed","template":"","meta":{"footnotes":""},"class_list":["post-67","page","type-page","status-publish","hentry"],"_links":{"self":[{"href":"https:\/\/lumbago.dkonto.pl\/index.php\/wp-json\/wp\/v2\/pages\/67","targetHints":{"allow":["GET"]}}],"collection":[{"href":"https:\/\/lumbago.dkonto.pl\/index.php\/wp-json\/wp\/v2\/pages"}],"about":[{"href":"https:\/\/lumbago.dkonto.pl\/index.php\/wp-json\/wp\/v2\/types\/page"}],"author":[{"embeddable":true,"href":"https:\/\/lumbago.dkonto.pl\/index.php\/wp-json\/wp\/v2\/users\/1"}],"replies":[{"embeddable":true,"href":"https:\/\/lumbago.dkonto.pl\/index.php\/wp-json\/wp\/v2\/comments?post=67"}],"version-history":[{"count":3,"href":"https:\/\/lumbago.dkonto.pl\/index.php\/wp-json\/wp\/v2\/pages\/67\/revisions"}],"predecessor-version":[{"id":514,"href":"https:\/\/lumbago.dkonto.pl\/index.php\/wp-json\/wp\/v2\/pages\/67\/revisions\/514"}],"wp:attachment":[{"href":"https:\/\/lumbago.dkonto.pl\/index.php\/wp-json\/wp\/v2\/media?parent=67"}],"curies":[{"name":"wp","href":"https:\/\/api.w.org\/{rel}","templated":true}]}}